{"id":9104,"date":"2025-10-23T14:42:04","date_gmt":"2025-10-23T19:42:04","guid":{"rendered":"https:\/\/expocleanecuador.com.ec\/?page_id=9104"},"modified":"2026-04-14T12:51:14","modified_gmt":"2026-04-14T17:51:14","slug":"conferencias-2025","status":"publish","type":"page","link":"https:\/\/expocleanecuador.com.ec\/es\/conferencias-2025\/","title":{"rendered":"Conferencias 2025"},"content":{"rendered":"\t\t<div data-elementor-type=\"wp-page\" data-elementor-id=\"9104\" class=\"elementor elementor-9104\">\n\t\t\t\t<div class=\"elementor-element elementor-element-59cb799 e-flex e-con-boxed e-con e-parent\" data-id=\"59cb799\" data-element_type=\"container\">\n\t\t\t\t\t<div class=\"e-con-inner\">\n\t\t\t\t<div class=\"elementor-element elementor-element-69e2be2 elementor-widget elementor-widget-html\" data-id=\"69e2be2\" data-element_type=\"widget\" data-widget_type=\"html.default\">\n\t\t\t\t<div class=\"elementor-widget-container\">\n\t\t\t\t\t<div id=\"conference-agenda\">\r\n  <div class=\"agenda-header\">\r\n    <div class=\"header-content\">\r\n      <h1>Agenda de Conferencias \r\n      2026 (En construcci\u00f3n)<\/h1>\r\n      <p>Industria de Limpieza - Innovaci\u00f3n, Sostenibilidad y Normativas<\/p>\r\n    <\/div>\r\n  <\/div>\r\n\r\n  <div class=\"days-container\">\r\n    <!-- VIERNES 24 -->\r\n    <div class=\"day-section\">\r\n      <div class=\"day-header\">\r\n        <h2>VIERNES 16<\/h2>\r\n        <div class=\"day-line\"><\/div>\r\n      <\/div>\r\n\r\n      <!-- Bloque 1 -->\r\n      <div class=\"block-section\">\r\n        <div class=\"block-header\">\r\n          <h3>TENDENCIAS E INNOVACI\u00d3N EN LA INDUSTRIA DE LIMPIEZA<\/h3>\r\n        <\/div>\r\n        \r\n        <div class=\"conference-card\">\r\n          <div class=\"time-badge\">\r\n            <span>14:00 - 15:00<\/span>\r\n            <span><\/span>\r\n          <\/div>\r\n          <div class=\"conference-content\">\r\n            <h4>Innovaciones en Productos de Limpieza, Higiene, Desinfecci\u00f3n<\/h4>\r\n            <div class=\"speaker-info\">\r\n              <div class=\"info-item\">\r\n                <span class=\"info-icon\">\ud83d\udc64<\/span>\r\n                <span class=\"speaker-name\">Catalina Saraus Mendoza<\/span>\r\n              <\/div>\r\n              <div class=\"info-item\">\r\n                <span class=\"info-icon\">\ud83c\udfe2<\/span>\r\n                <span class=\"company\">Expert Clean Colombia S.A.S<\/span>\r\n              <\/div>\r\n              <div class=\"info-item\">\r\n                <span class=\"info-icon\">\ud83c\udde8\ud83c\uddf4<\/span>\r\n                <span class=\"country\">Colombia<\/span>\r\n              <\/div>\r\n            <\/div>\r\n          <\/div>\r\n        <\/div>\r\n\r\n        <div class=\"conference-card\">\r\n          <div class=\"time-badge\">\r\n            <span>15:00 - 16:00<\/span>\r\n          <\/div>\r\n          <div class=\"conference-content\">\r\n            <h4>Tecnolog\u00edas: Blockchain, inteligencia artificial, ciberseguridad y GovTech<\/h4>\r\n            <div class=\"speaker-info\">\r\n              <div class=\"info-item\">\r\n                <span class=\"info-icon\">\ud83d\udc64<\/span>\r\n                <span class=\"speaker-name\">CTO: Amir Azizi \/ CEO: Dr. David Cifuentes        <\/span>\r\n                \r\n              <\/div>\r\n              <div class=\"info-item\">\r\n                <span class=\"info-icon\">\ud83c\udfe2<\/span>\r\n                <span class=\"company\"> Nuxigen S.A<\/span>\r\n              <\/div>\r\n              <div class=\"info-item\">\r\n               <span class=\"info-icon\">\ud83c\uddea\ud83c\udde8<\/span>\r\n                <span class=\"country\">Ecuador<\/span>\r\n              <\/div>\r\n            <\/div>\r\n          <\/div>\r\n        <\/div>\r\n\r\n        <div class=\"conference-card\">\r\n          <div class=\"time-badge\">\r\n            <span>16:00 - 17:00<\/span>\r\n          <\/div>\r\n          <div class=\"conference-content\">\r\n            <h4>Rob\u00f3tica e Inteligencia Artificial en Procesos de Limpieza<\/h4>\r\n            <div class=\"speaker-info\">\r\n              <div class=\"info-item\">\r\n                <span class=\"info-icon\">\ud83d\udc64<\/span>\r\n                <span class=\"speaker-name\">Shunwei Yango<\/span>\r\n              <\/div>\r\n              <div class=\"info-item\">\r\n                <span class=\"info-icon\">\ud83c\udfe2<\/span>\r\n                <span class=\"company\">Dawa<\/span>\r\n              <\/div>\r\n              <div class=\"info-item\">\r\n                <span class=\"info-icon\">\ud83c\udde8\ud83c\uddf3<\/span>\r\n                <span class=\"country\">China<\/span>\r\n              <\/div>\r\n            <\/div>\r\n          <\/div>\r\n        <\/div>\r\n      <\/div>\r\n\r\n      <!-- Bloque 2 -->\r\n      <div class=\"block-section\">\r\n        <div class=\"block-header\">\r\n          <h3>SOSTENIBILIDAD Y EFICIENCIA EN LA INDUSTRIA DE LIMPIEZA<\/h3>\r\n        <\/div>\r\n        \r\n        <div class=\"conference-card\">\r\n          <div class=\"time-badge\">\r\n            <span>17:00 - 18:00<\/span>\r\n          <\/div>\r\n          <div class=\"conference-content\">\r\n            <h4>Estrategias para una Limpieza Sostenible<\/h4>\r\n            <div class=\"speaker-info\">\r\n              <div class=\"info-item\">\r\n                <span class=\"info-icon\">\ud83d\udc64<\/span>\r\n                <span class=\"speaker-name\">Emilio Filbig<\/span>\r\n              <\/div>\r\n              <div class=\"info-item\">\r\n                <span class=\"info-icon\">\ud83c\udfe2<\/span>\r\n                <span class=\"company\">Unilimpio<\/span>\r\n              <\/div>\r\n              <div class=\"info-item\">\r\n                <span class=\"info-icon\">\ud83c\uddea\ud83c\udde8<\/span>\r\n                <span class=\"country\">Ecuador<\/span>\r\n              <\/div>\r\n            <\/div>\r\n          <\/div>\r\n        <\/div>\r\n\r\n        <div class=\"conference-card\">\r\n          <div class=\"time-badge\">\r\n            <span>18:00 - 19:00<\/span>\r\n          <\/div>\r\n          <div class=\"conference-content\">\r\n            <h4>C\u00f3mo Pasar del Gasto al Beneficio<\/h4>\r\n            <div class=\"speaker-info\">\r\n              <div class=\"info-item\">\r\n                <span class=\"info-icon\">\ud83d\udc64<\/span>\r\n                <span class=\"speaker-name\">Jonathan Correa<\/span>\r\n              <\/div>\r\n              <div class=\"info-item\">\r\n                <span class=\"info-icon\">\ud83c\udfe2<\/span>\r\n                <span class=\"company\">BRIVE Soluciones para Latinoam\u00e9rica<\/span>\r\n              <\/div>\r\n              <div class=\"info-item\">\r\n                <span class=\"info-icon\">\ud83c\udde8\ud83c\uddf4<\/span>\r\n                <span class=\"country\">Colombia<\/span>\r\n              <\/div>\r\n            <\/div>\r\n          <\/div>\r\n        <\/div>\r\n      <\/div>\r\n    <\/div>\r\n\r\n    <!-- S\u00c1BADO 25 -->\r\n    <div class=\"day-section\">\r\n      <div class=\"day-header\">\r\n        <h2>S\u00c1BADO 17<\/h2>\r\n        <div class=\"day-line\"><\/div>\r\n      <\/div>\r\n\r\n      <!-- Bloque 1 -->\r\n      <div class=\"block-section\">\r\n        <div class=\"block-header\">\r\n          <h3>NORMATIVAS CONTRACTUALES<\/h3>\r\n        <\/div>\r\n        \r\n        <div class=\"conference-card\">\r\n          <div class=\"time-badge\">\r\n            <span>11:00 - 12:00<\/span>\r\n          <\/div>\r\n          <div class=\"conference-content\">\r\n            <h4>La Profesionalizaci\u00f3n del Personal de Limpieza<\/h4>\r\n            <div class=\"speaker-info\">\r\n              <div class=\"info-item\">\r\n                <span class=\"info-icon\">\ud83d\udc64<\/span>\r\n                <span class=\"speaker-name\">Maria del Carmen Penagos<\/span>\r\n              <\/div>\r\n              <div class=\"info-item\">\r\n                <span class=\"info-icon\">\ud83c\udfe2<\/span>\r\n                <span class=\"company\">SENA (Servicio Nacional de Aprendizaje)<\/span>\r\n              <\/div>\r\n              <div class=\"info-item\">\r\n                <span class=\"info-icon\">\ud83c\udde8\ud83c\uddf4<\/span>\r\n                <span class=\"country\">Colombia<\/span>\r\n              <\/div>\r\n            <\/div>\r\n          <\/div>\r\n        <\/div>\r\n\r\n        <div class=\"conference-card\">\r\n          <div class=\"time-badge\">\r\n            <span>12:00 - 13:00<\/span>\r\n          <\/div>\r\n          <div class=\"conference-content\">\r\n            <h4>Actualizaciones en la Contrataci\u00f3n P\u00fablica<\/h4>\r\n            <div class=\"speaker-info\">\r\n              <div class=\"info-item\">\r\n                <span class=\"info-icon\">\ud83d\udc64<\/span>\r\n                <span class=\"speaker-name\">Dra. Liliana Dalgo<\/span>\r\n              <\/div>\r\n              <div class=\"info-item\">\r\n                <span class=\"info-icon\">\ud83c\udfe2<\/span>\r\n                <span class=\"company\">Especialista en Contrataci\u00f3n P\u00fablica<\/span>\r\n              <\/div>\r\n              <div class=\"info-item\">\r\n                <span class=\"info-icon\">\ud83c\uddea\ud83c\udde8<\/span>\r\n                <span class=\"country\">Ecuador<\/span>\r\n              <\/div>\r\n            <\/div>\r\n          <\/div>\r\n        <\/div>\r\n      <\/div>\r\n\r\n      <!-- Bloque 2 -->\r\n      <div class=\"block-section\">\r\n        <div class=\"block-header\">\r\n          <h3>SALUD Y SEGURIDAD EN LA LIMPIEZA<\/h3>\r\n        <\/div>\r\n        \r\n        <div class=\"conference-card\">\r\n          <div class=\"time-badge\">\r\n            <span>13:00 - 14:00<\/span>\r\n          <\/div>\r\n          <div class=\"conference-content\">\r\n            <h4>Protocolos de Seguridad y Salud en la Limpieza<\/h4>\r\n            <div class=\"speaker-info\">\r\n              <div class=\"info-item\">\r\n                <span class=\"info-icon\">\ud83d\udc64<\/span>\r\n                <span class=\"speaker-name\">Ministerio de Salud<\/span>\r\n              <\/div>\r\n              <div class=\"info-item\">\r\n                <span class=\"info-icon\">\ud83c\uddea\ud83c\udde8<\/span>\r\n                <span class=\"country\">Ecuador<\/span>\r\n              <\/div>\r\n            <\/div>\r\n          <\/div>\r\n        <\/div>\r\n\r\n        <div class=\"conference-card\">\r\n          <div class=\"time-badge\">\r\n            <span>14:00 - 15:00<\/span>\r\n          <\/div>\r\n          <div class=\"conference-content\">\r\n            <h4>Limpieza, Salud y Seguridad Integral<\/h4>\r\n            <div class=\"speaker-info\">\r\n              <div class=\"info-item\">\r\n                <span class=\"info-icon\">\ud83d\udc64<\/span>\r\n                <span class=\"speaker-name\">Dra. HC Cristina Feijo<\/span>\r\n              <\/div>\r\n              <div class=\"info-item\">\r\n                <span class=\"info-icon\">\ud83c\udfe2<\/span>\r\n                <span class=\"company\">C\u00e1mara Internacional de Conferencias<\/span>\r\n              <\/div>\r\n              <div class=\"info-item\">\r\n                <span class=\"info-icon\">\ud83c\uddea\ud83c\udde8<\/span>\r\n                <span class=\"country\">Ecuador<\/span>\r\n              <\/div>\r\n            <\/div>\r\n          <\/div>\r\n        <\/div>\r\n      <\/div>\r\n\r\n      <!-- Panel -->\r\n      <div class=\"block-section panel-section\">\r\n        <div class=\"block-header\">\r\n          <h3>PANEL DE DISCUSI\u00d3N<\/h3>\r\n        <\/div>\r\n        \r\n        <div class=\"conference-card panel-card\">\r\n          <div class=\"time-badge\">\r\n            <span>16:00 - 18:00<\/span>\r\n          <\/div>\r\n          <div class=\"conference-content\">\r\n            <h4>La Industria de la Limpieza como Generadora de Econom\u00eda, Trabajo y Desarrollo de un Pa\u00eds<\/h4>\r\n            <div class=\"panelists-container\">\r\n              <h5>Panelistas y Organizaciones Participantes:<\/h5>\r\n              <div class=\"panelists-grid\">\r\n                <div class=\"panelist-item\">\r\n                  <div class=\"panelist-bullet\"><\/div>\r\n                  <div class=\"panelist-info\">\r\n                    <strong>Maria Pilar Rodr\u00edguez<\/strong> \u2013 FENASEO Colombia\r\n                  <\/div>\r\n                <\/div>\r\n                <div class=\"panelist-item\">\r\n                  <div class=\"panelist-bullet\"><\/div>\r\n                  <div class=\"panelist-info\">\r\n                    <strong>Silvana Pe\u00f1aherrera Toledo<\/strong> \u2013 Ministerio de la Producci\u00f3n\r\n                  <\/div>\r\n                <\/div>\r\n                <div class=\"panelist-item\">\r\n                  <div class=\"panelist-bullet\"><\/div>\r\n                  <div class=\"panelist-info\">\r\n                    <strong>Gonzalo Criollo<\/strong> \u2013 CONQUITO\r\n                  <\/div>\r\n                <\/div>\r\n                <div class=\"panelist-item\">\r\n                  <div class=\"panelist-bullet\"><\/div>\r\n                  <div class=\"panelist-info\">\r\n                    <strong>Luisa Calder\u00f3n<\/strong> \u2013 C\u00e1mara EPS\r\n                  <\/div>\r\n                <\/div>\r\n                <div class=\"panelist-item\">\r\n                  <div class=\"panelist-bullet\"><\/div>\r\n                  <div class=\"panelist-info\">\r\n                    <strong>Monica Sevilla<\/strong> \u2013 TESQUIMSA \/ BOOM\r\n                  <\/div>\r\n                <\/div>\r\n                <div class=\"panelist-item\">\r\n                  <div class=\"panelist-bullet\"><\/div>\r\n                  <div class=\"panelist-info\">\r\n                    <strong>Francisco Vergara<\/strong> \u2013 CAPEIPI\r\n                  <\/div>\r\n                <\/div>\r\n              <\/div>\r\n            <\/div>\r\n          <\/div>\r\n        <\/div>\r\n      <\/div>\r\n    <\/div>\r\n  <\/div>\r\n<\/div>\r\n\r\n<style>\r\n#conference-agenda {\r\n  font-family: 'Segoe UI', Tahoma, Geneva, Verdana, sans-serif;\r\n  max-width: 1200px;\r\n  margin: 0 auto;\r\n  color: #333;\r\n  overflow: hidden;\r\n}\r\n\r\n.agenda-header {\r\n  padding: 40px 20px;\r\n  text-align: center;\r\n  position: relative;\r\n  border-bottom: 1px solid #f0f0f0;\r\n}\r\n\r\n.header-content {\r\n  position: relative;\r\n  color: #0097A6;\r\n  z-index: 2;\r\n}\r\n\r\n.agenda-header h1 {\r\n  margin: 0 0 10px;\r\n  font-size: 2.5rem;\r\n  font-weight: 700;\r\n  letter-spacing: -0.5px;\r\n}\r\n\r\n.agenda-header p {\r\n  margin: 0;\r\n  font-size: 1.2rem;\r\n  opacity: 0.8;\r\n  font-weight: 400;\r\n}\r\n\r\n.header-accent {\r\n  position: absolute;\r\n  bottom: 0;\r\n  left: 50%;\r\n  transform: translateX(-50%);\r\n  width: 100px;\r\n  height: 3px;\r\n  background: linear-gradient(90deg, #00B8C8, #A6D600);\r\n  border-radius: 2px;\r\n}\r\n\r\n.days-container {\r\n  padding: 30px;\r\n}\r\n\r\n.day-section {\r\n  margin-bottom: 50px;\r\n}\r\n\r\n.day-header {\r\n  color: #2c3e50;\r\n  padding: 0 0 15px 0;\r\n  margin-bottom: 25px;\r\n  display: flex;\r\n  align-items: center;\r\n  position: relative;\r\n  border-bottom: 2px solid #f0f0f0;\r\n}\r\n\r\n.day-icon {\r\n  font-size: 1.5rem;\r\n  margin-right: 12px;\r\n  background: #f8f9fa;\r\n  padding: 8px;\r\n  border-radius: 8px;\r\n  border: 1px solid #e9ecef;\r\n}\r\n\r\n.day-header h2 {\r\n  margin: 0;\r\n  font-size: 1.8rem;\r\n  font-weight: 600;\r\n  color: #2c3e50;\r\n}\r\n\r\n.day-line {\r\n  flex-grow: 1;\r\n  height: 2px;\r\n  background: linear-gradient(90deg, #00B8C8, transparent);\r\n  margin-left: 15px;\r\n}\r\n\r\n.block-section {\r\n  margin-bottom: 30px;\r\n}\r\n\r\n.block-header {\r\n  color: #2c3e50;\r\n  padding: 0 0 15px 0;\r\n  margin-bottom: 20px;\r\n  display: flex;\r\n  align-items: center;\r\n  border-bottom: 1px solid #f0f0f0;\r\n}\r\n\r\n.block-icon {\r\n  font-size: 1.2rem;\r\n  margin-right: 12px;\r\n  background: #f8f9fa;\r\n  padding: 6px;\r\n  border-radius: 6px;\r\n  border: 1px solid #e9ecef;\r\n}\r\n\r\n.block-header h3 {\r\n  margin: 0;\r\n  font-size: 1.3rem;\r\n  font-weight: 600;\r\n  color: #2c3e50;\r\n}\r\n\r\n.conference-card {\r\n  display: flex;\r\n  background-color: white;\r\n  border-radius: 8px;\r\n  margin-bottom: 15px;\r\n  box-shadow: 0 2px 8px rgba(0, 0, 0, 0.04);\r\n  overflow: hidden;\r\n  transition: all 0.3s ease;\r\n  border: 1px solid #f0f0f0;\r\n  position: relative;\r\n}\r\n\r\n.conference-card:hover {\r\n  transform: translateY(-2px);\r\n  box-shadow: 0 4px 12px rgba(0, 0, 0, 0.08);\r\n  border-color: #e0e0e0;\r\n}\r\n\r\n.conference-card::before {\r\n  content: '';\r\n  position: absolute;\r\n  left: 0;\r\n  top: 0;\r\n  height: 100%;\r\n  width: 3px;\r\n  background: #00B8C8;\r\n  opacity: 0;\r\n  transition: opacity 0.3s ease;\r\n}\r\n\r\n.conference-card:hover::before {\r\n  opacity: 1;\r\n}\r\n\r\n.time-badge {\r\n  background: linear-gradient(135deg, #00B8C8, #4dd0e1);\r\n  color: white;\r\n  padding: 20px;\r\n  display: flex;\r\n  flex-direction: column;\r\n  align-items: center;\r\n  justify-content: center;\r\n  min-width: 130px;\r\n  font-weight: 600;\r\n  text-align: center;\r\n  box-shadow: 2px 0 8px rgba(0, 184, 200, 0.2);\r\n}\r\n\r\n.time-icon {\r\n  font-size: 1.3rem;\r\n  margin-bottom: 8px;\r\n  opacity: 0.9;\r\n}\r\n\r\n.conference-content {\r\n  padding: 20px;\r\n  flex: 1;\r\n}\r\n\r\n.conference-content h4 {\r\n  margin: 0 0 15px;\r\n  color: #2c3e50;\r\n  font-size: 1.2rem;\r\n  line-height: 1.4;\r\n  font-weight: 600;\r\n}\r\n\r\n.speaker-info {\r\n  display: flex;\r\n  flex-direction: column;\r\n}\r\n\r\n.info-item {\r\n  display: flex;\r\n  align-items: center;\r\n  gap: 10px;\r\n  padding: 4px 0;\r\n}\r\n\r\n.info-icon {\r\n  font-size: 1rem;\r\n  color: #00B8C8;\r\n  width: 16px;\r\n  text-align: center;\r\n}\r\n\r\n.speaker-name {\r\n  font-weight: 500;\r\n  color: #2c3e50;\r\n}\r\n\r\n.company, .country {\r\n  color: #666;\r\n  font-size: 0.95rem;\r\n}\r\n\r\n.panel-section .block-header {\r\n  border-bottom-color: #8a2be2;\r\n}\r\n\r\n.panel-card {\r\n  flex-direction: column;\r\n}\r\n\r\n.panel-card .time-badge {\r\n  width: 100%;\r\n  min-width: auto;\r\n  flex-direction: row;\r\n  gap: 12px;\r\n}\r\n\r\n.panelists-container h5 {\r\n  margin: 20px 0 15px;\r\n  color: #2c3e50;\r\n  font-size: 1.1rem;\r\n  font-weight: 600;\r\n  padding-bottom: 8px;\r\n  border-bottom: 1px solid #f0f0f0;\r\n}\r\n\r\n.panelists-grid {\r\n  display: grid;\r\n  grid-template-columns: repeat(auto-fill, minmax(300px, 1fr));\r\n  gap: 12px;\r\n}\r\n\r\n.panelist-item {\r\n  display: flex;\r\n  align-items: flex-start;\r\n  gap: 12px;\r\n  padding: 10px 0;\r\n  border-bottom: 1px solid #f8f8f8;\r\n  transition: background-color 0.2s ease;\r\n}\r\n\r\n\/*\r\n.panelist-item:hover {\r\n  background-color: #f8f9fa;\r\n  border-radius: 4px;\r\n  padding: 10px;\r\n} \r\n*\/\r\n\r\n.panelist-bullet {\r\n  width: 6px;\r\n  height: 6px;\r\n  background-color: #A6D600;\r\n  border-radius: 50%;\r\n  margin-top: 8px;\r\n  flex-shrink: 0;\r\n}\r\n\r\n.panelist-info {\r\n  flex: 1;\r\n  font-size: 0.95rem;\r\n}\r\n\r\n.agenda-footer {\r\n  background: #f8f9fa;\r\n  color: #666;\r\n  text-align: center;\r\n  padding: 20px;\r\n  font-size: 0.9rem;\r\n  border-top: 1px solid #e9ecef;\r\n}\r\n\r\n.ticket-image-container {\r\n      text-align: center;\r\n      margin: 60px 0 30px;\r\n    }\r\n\r\n    .ticket-image-link {\r\n      display: inline-block;\r\n      padding: 20px;\r\n      background-color: #00B8C8;\r\n      border-radius: 12px;\r\n      transition: background-color 0.3s ease;\r\n      box-shadow: 0 5px 15px rgba(0, 0, 0, 0.1);\r\n    }\r\n\r\n    .ticket-image-link:hover {\r\n      background-color: #0D285A;\r\n    }\r\n\r\n    .ticket-image {\r\n    width: 500px;\r\n    height: auto;\r\n    display: block;\r\n    border-radius: 8px;\r\n    }\r\n\r\n\/* Responsive adjustments *\/\r\n@media (max-width: 768px) {\r\n  .conference-card {\r\n    flex-direction: column;\r\n  }\r\n  \r\n  .time-badge {\r\n    min-width: auto;\r\n    width: 100%;\r\n    flex-direction: row;\r\n    gap: 12px;\r\n    padding: 15px;\r\n  }\r\n  \r\n  .panelists-grid {\r\n    grid-template-columns: 1fr;\r\n  }\r\n  \r\n  .agenda-header h1 {\r\n    font-size: 2rem;\r\n  }\r\n  \r\n  .agenda-header p {\r\n    font-size: 1rem;\r\n  }\r\n  \r\n  .day-header, .block-header {\r\n    flex-direction: column;\r\n    text-align: left;\r\n    gap: 10px;\r\n    align-items: flex-start;\r\n  }\r\n  \r\n  .day-icon, .block-icon {\r\n    margin-right: 0;\r\n  }\r\n  \r\n  .day-line {\r\n    display: none;\r\n  }\r\n  \r\n  .days-container {\r\n    padding: 20px;\r\n  }\r\n  \r\n  .ticket-image-link {\r\n        padding: 15px;\r\n      }\r\n}\r\n\r\n\/* Animaciones *\/\r\n@keyframes fadeInUp {\r\n  from {\r\n    opacity: 0;\r\n    transform: translateY(20px);\r\n  }\r\n  to {\r\n    opacity: 1;\r\n    transform: translateY(0);\r\n  }\r\n}\r\n\r\n.conference-card {\r\n  animation: fadeInUp 0.5s ease forwards;\r\n}\r\n\r\n.conference-card:nth-child(1) { animation-delay: 0.1s; }\r\n.conference-card:nth-child(2) { animation-delay: 0.2s; }\r\n.conference-card:nth-child(3) { animation-delay: 0.3s; }\r\n.conference-card:nth-child(4) { animation-delay: 0.4s; }\r\n.conference-card:nth-child(5) { animation-delay: 0.5s; }\r\n<\/style>\r\n\r\n<script>\r\n\/\/ JavaScript para mejorar la interactividad\r\ndocument.addEventListener('DOMContentLoaded', function() {\r\n  \/\/ Agregar funcionalidad para expandir\/contraer bloques\r\n  const blockHeaders = document.querySelectorAll('.block-header');\r\n  \r\n  blockHeaders.forEach(header => {\r\n    header.addEventListener('click', function() {\r\n      const blockSection = this.parentElement;\r\n      const conferenceCards = blockSection.querySelectorAll('.conference-card');\r\n      \r\n      conferenceCards.forEach(card => {\r\n        card.classList.toggle('expanded');\r\n      });\r\n    });\r\n    \r\n    \/\/ Agregar cursor pointer para indicar que es clickeable\r\n    header.style.cursor = 'pointer';\r\n  });\r\n  \r\n  \/\/ Efecto de aparici\u00f3n escalonada\r\n  const conferenceCards = document.querySelectorAll('.conference-card');\r\n  conferenceCards.forEach((card, index) => {\r\n    card.style.opacity = '0';\r\n    \r\n    setTimeout(() => {\r\n      card.style.transition = 'opacity 0.5s ease, transform 0.3s ease';\r\n      card.style.opacity = '1';\r\n    }, 100 * index);\r\n  });\r\n});\r\n<\/script>\t\t\t\t<\/div>\n\t\t\t\t<\/div>\n\t\t\t\t\t<\/div>\n\t\t\t\t<\/div>\n\t\t\t\t<\/div>\n\t\t","protected":false},"excerpt":{"rendered":"<p>Agenda de Conferencias 2026 (En construcci\u00f3n) Industria de Limpieza &#8211; Innovaci\u00f3n, Sostenibilidad y Normativas VIERNES 16 TENDENCIAS E INNOVACI\u00d3N EN LA INDUSTRIA DE LIMPIEZA 14:00 &#8211; 15:00 Innovaciones en Productos de Limpieza, Higiene, Desinfecci\u00f3n \ud83d\udc64 Catalina Saraus Mendoza \ud83c\udfe2 Expert Clean Colombia S.A.S \ud83c\udde8\ud83c\uddf4 Colombia 15:00 &#8211; 16:00 Tecnolog\u00edas: Blockchain, inteligencia artificial, ciberseguridad y GovTech [&hellip;]<\/p>\n","protected":false},"author":1,"featured_media":0,"parent":0,"menu_order":0,"comment_status":"closed","ping_status":"closed","template":"","meta":{"footnotes":""},"class_list":["post-9104","page","type-page","status-publish","hentry"],"_links":{"self":[{"href":"https:\/\/expocleanecuador.com.ec\/es\/wp-json\/wp\/v2\/pages\/9104","targetHints":{"allow":["GET"]}}],"collection":[{"href":"https:\/\/expocleanecuador.com.ec\/es\/wp-json\/wp\/v2\/pages"}],"about":[{"href":"https:\/\/expocleanecuador.com.ec\/es\/wp-json\/wp\/v2\/types\/page"}],"author":[{"embeddable":true,"href":"https:\/\/expocleanecuador.com.ec\/es\/wp-json\/wp\/v2\/users\/1"}],"replies":[{"embeddable":true,"href":"https:\/\/expocleanecuador.com.ec\/es\/wp-json\/wp\/v2\/comments?post=9104"}],"version-history":[{"count":25,"href":"https:\/\/expocleanecuador.com.ec\/es\/wp-json\/wp\/v2\/pages\/9104\/revisions"}],"predecessor-version":[{"id":9799,"href":"https:\/\/expocleanecuador.com.ec\/es\/wp-json\/wp\/v2\/pages\/9104\/revisions\/9799"}],"wp:attachment":[{"href":"https:\/\/expocleanecuador.com.ec\/es\/wp-json\/wp\/v2\/media?parent=9104"}],"curies":[{"name":"wp","href":"https:\/\/api.w.org\/{rel}","templated":true}]}}