{"id":8410,"date":"2025-07-28T14:03:14","date_gmt":"2025-07-28T19:03:14","guid":{"rendered":"https:\/\/expocleanecuador.com.ec\/?page_id=8410"},"modified":"2025-07-28T14:03:44","modified_gmt":"2025-07-28T19:03:44","slug":"politica-de-cookies","status":"publish","type":"page","link":"https:\/\/expocleanecuador.com.ec\/en\/politica-de-cookies\/","title":{"rendered":"Cookie Policy"},"content":{"rendered":"<div data-elementor-type=\"wp-page\" data-elementor-id=\"8410\" class=\"elementor elementor-8410\">\n\t\t\t\t<div class=\"elementor-element elementor-element-226a8ac e-flex e-con-boxed e-con e-parent\" data-id=\"226a8ac\" data-element_type=\"container\">\n\t\t\t\t\t<div class=\"e-con-inner\">\n\t\t\t\t<div class=\"elementor-element elementor-element-b695bc1 elementor-widget elementor-widget-html\" data-id=\"b695bc1\" data-element_type=\"widget\" data-widget_type=\"html.default\">\n\t\t\t\t<div class=\"elementor-widget-container\">\n\t\t\t\t\t<div class=\"legal-document\">\r\n  <h2>Cookie Policy<\/h2>\r\n  \r\n  <h3>1. \u00bfQu\u00e9 son las Cookies?<\/h3>\r\n  <p>Peque\u00f1os archivos que se descargan en tu dispositivo al visitar nuestro sitio web.<\/p>\r\n  \r\n  <h3>2. Tipos de Cookies Utilizadas<\/h3>\r\n  <table>\r\n    <tr>\r\n      <th>Tipo<\/th>\r\n      <th>Finalidad<\/th>\r\n      <th>Duraci\u00f3n<\/th>\r\n    <\/tr>\r\n    <tr>\r\n      <td>T\u00e9cnicas<\/td>\r\n      <td>Funcionamiento b\u00e1sico del sitio<\/td>\r\n      <td>Sesi\u00f3n<\/td>\r\n    <\/tr>\r\n    <tr>\r\n      <td>Anal\u00edticas<\/td>\r\n      <td>Medir audiencia (Google Analytics)<\/td>\r\n      <td>2 a\u00f1os<\/td>\r\n    <\/tr>\r\n    <tr>\r\n      <td>Publicitarias<\/td>\r\n      <td>Mostrar anuncios relevantes<\/td>\r\n      <td>1 mes<\/td>\r\n    <\/tr>\r\n  <\/table>\r\n  \r\n  <h3>3. Gesti\u00f3n de Cookies<\/h3>\r\n  <p>Puedes configurar tu navegador para:<\/p>\r\n  <ul>\r\n    <li>Aceptar\/rechazar todas las cookies<\/li>\r\n    <li>Ser notificado al recibir cookies<\/li>\r\n    <li>Eliminar cookies autom\u00e1ticamente al cerrar<\/li>\r\n  <\/ul>\r\n  <p>Enlaces para configuraci\u00f3n: \r\n    <a href=\"https:\/\/support.google.com\/chrome\/answer\/95647\" target=\"_blank\">Chrome<\/a> | \r\n    <a href=\"https:\/\/support.mozilla.org\/es\/kb\/cookies-informacion-que-los-sitios-web-guardan-en-\" target=\"_blank\">Firefox<\/a>\r\n  <\/p>\r\n  \r\n  <h3>4. Consentimiento<\/h3>\r\n  <p>Al continuar navegando, aceptas nuestro uso de cookies seg\u00fan esta pol\u00edtica.<\/p>\r\n  \r\n  <p>\u00daltima actualizaci\u00f3n: 29 de julio de 2025<\/p>\r\n<\/div>\t\t\t\t<\/div>\n\t\t\t\t<\/div>\n\t\t\t\t\t<\/div>\n\t\t\t\t<\/div>\n\t\t\t\t<\/div>","protected":false},"excerpt":{"rendered":"<p>Pol\u00edtica de Cookies 1. \u00bfQu\u00e9 son las Cookies? Peque\u00f1os archivos que se descargan en tu dispositivo al visitar nuestro sitio web. 2. Tipos de Cookies Utilizadas Tipo Finalidad Duraci\u00f3n T\u00e9cnicas Funcionamiento b\u00e1sico del sitio Sesi\u00f3n Anal\u00edticas Medir audiencia (Google Analytics) 2 a\u00f1os Publicitarias Mostrar anuncios relevantes 1 mes 3. Gesti\u00f3n de Cookies Puedes configurar tu [&hellip;]<\/p>","protected":false},"author":1,"featured_media":0,"parent":0,"menu_order":0,"comment_status":"closed","ping_status":"closed","template":"","meta":{"footnotes":""},"class_list":["post-8410","page","type-page","status-publish","hentry"],"_links":{"self":[{"href":"https:\/\/expocleanecuador.com.ec\/en\/wp-json\/wp\/v2\/pages\/8410","targetHints":{"allow":["GET"]}}],"collection":[{"href":"https:\/\/expocleanecuador.com.ec\/en\/wp-json\/wp\/v2\/pages"}],"about":[{"href":"https:\/\/expocleanecuador.com.ec\/en\/wp-json\/wp\/v2\/types\/page"}],"author":[{"embeddable":true,"href":"https:\/\/expocleanecuador.com.ec\/en\/wp-json\/wp\/v2\/users\/1"}],"replies":[{"embeddable":true,"href":"https:\/\/expocleanecuador.com.ec\/en\/wp-json\/wp\/v2\/comments?post=8410"}],"version-history":[{"count":4,"href":"https:\/\/expocleanecuador.com.ec\/en\/wp-json\/wp\/v2\/pages\/8410\/revisions"}],"predecessor-version":[{"id":8414,"href":"https:\/\/expocleanecuador.com.ec\/en\/wp-json\/wp\/v2\/pages\/8410\/revisions\/8414"}],"wp:attachment":[{"href":"https:\/\/expocleanecuador.com.ec\/en\/wp-json\/wp\/v2\/media?parent=8410"}],"curies":[{"name":"wp","href":"https:\/\/api.w.org\/{rel}","templated":true}]}}